{"id":2224,"date":"2025-01-04T15:52:01","date_gmt":"2025-01-04T15:52:01","guid":{"rendered":"https:\/\/ksis.bglam.pl\/sklep\/uncategorized\/white-sophia-pumps-with-swarovski-crystals\/"},"modified":"2025-01-04T15:52:01","modified_gmt":"2025-01-04T15:52:01","slug":"white-sophia-pumps-with-swarovski-crystals","status":"publish","type":"product","link":"https:\/\/ksis.bglam.pl\/en\/shop\/kolekcja-wedding\/white-sophia-pumps-with-swarovski-crystals\/","title":{"rendered":"White Sophia Pumps With Swarovski Crystals"},"content":{"rendered":"<p><span data-sheets-root=\"1\">This model is the quintessence of delicacy. A delicate stiletto heel and a subtle D&#8217;orsay cutout emphasize the fashionable character of the shoe. The extremely delicate and subtle Sophia pump is a proposal for elegant brides who like timeless classics. The delicate satin is additionally decorated with SWAROVSKI crystal jets, giving a sparkling effect, which will work well in both classic, i.e. elegant wedding stylizations and will beautifully correspond with smooth or micro-glitter tulle skirts.   <\/span><\/p>\n<p>Specification<\/p>\n<p>upper: decorated &#8211; decorated with Swarovski jets color: Italian satin &#8211; noble broken white.<\/p>\n<p>length of the insole measured with tip:<\/p>\n<p>35<br \/>\n36<br \/>\n37<br \/>\n38<br \/>\n39<br \/>\n40<br \/>\n23 cm<br \/>\n23,5 cm<br \/>\n24 cm<br \/>\n24,6 cm<br \/>\n25 cm<br \/>\n25,6 cm<\/p>\n<p>heel: 8 cm<\/p>\n<p>Materials from which we make our shoes:<\/p>\n<p>_____ Cholewka: RASO MARCCACIO, czyli W\u0141OSKA satyna \u2013 rodzaj at\u0142asu. Zdobienie &#8211; d\u017ceciki SWAROVSKI. We W\u0142oskiej satynie zatapiamy najmniejsze z mo\u017cliwych dekoracyjnych element\u00f3w, czyli d\u017ceciki o \u015brednicy 2mm.<\/p>\n<p>Sole: tuni leather, or its appearance deceptively resembles leather and combines the durability of rubber and the aesthetic value of a leather sole. The advantage of tuni leather is better adhesion to the ground. Shoes with such a sole are classified as higher-class footwear that does not slip on the parquet.<\/p>\n<p>Lining and insoles: the highest quality goat grain lining. Goat lining is more delicate and used in top-class footwear. The natural lining prevents your foot from getting sore and from slipping.<\/p>\n<p>&nbsp;<\/p>\n","protected":false},"excerpt":{"rendered":"<p><span data-sheets-root=\"1\">Sophia Pumps &#8211; decorated with Swarovski crystals, by request.<\/span><\/p>\n","protected":false},"featured_media":791,"comment_status":"open","ping_status":"closed","template":"","meta":{"_acf_changed":false,"_siteseo_robots_primary_cat":"55"},"product_brand":[],"product_cat":[141],"product_tag":[],"class_list":{"0":"post-2224","1":"product","2":"type-product","3":"status-publish","4":"has-post-thumbnail","6":"product_cat-wedding-collection","8":"first","9":"instock","10":"taxable","11":"shipping-taxable","12":"purchasable","13":"product-type-variable","swatches":"rey-swatches","show_selected":""},"acf":[],"_links":{"self":[{"href":"https:\/\/ksis.bglam.pl\/en\/wp-json\/wp\/v2\/product\/2224","targetHints":{"allow":["GET"]}}],"collection":[{"href":"https:\/\/ksis.bglam.pl\/en\/wp-json\/wp\/v2\/product"}],"about":[{"href":"https:\/\/ksis.bglam.pl\/en\/wp-json\/wp\/v2\/types\/product"}],"replies":[{"embeddable":true,"href":"https:\/\/ksis.bglam.pl\/en\/wp-json\/wp\/v2\/comments?post=2224"}],"wp:featuredmedia":[{"embeddable":true,"href":"https:\/\/ksis.bglam.pl\/en\/wp-json\/wp\/v2\/media\/791"}],"wp:attachment":[{"href":"https:\/\/ksis.bglam.pl\/en\/wp-json\/wp\/v2\/media?parent=2224"}],"wp:term":[{"taxonomy":"product_brand","embeddable":true,"href":"https:\/\/ksis.bglam.pl\/en\/wp-json\/wp\/v2\/product_brand?post=2224"},{"taxonomy":"product_cat","embeddable":true,"href":"https:\/\/ksis.bglam.pl\/en\/wp-json\/wp\/v2\/product_cat?post=2224"},{"taxonomy":"product_tag","embeddable":true,"href":"https:\/\/ksis.bglam.pl\/en\/wp-json\/wp\/v2\/product_tag?post=2224"}],"curies":[{"name":"wp","href":"https:\/\/api.w.org\/{rel}","templated":true}]}}